{"id":3,"date":"2021-12-21T10:05:49","date_gmt":"2021-12-21T10:05:49","guid":{"rendered":"https:\/\/metriskitchens.co.uk\/\/?page_id=3"},"modified":"2025-02-07T10:32:45","modified_gmt":"2025-02-07T10:32:45","slug":"privacy-policy","status":"publish","type":"page","link":"https:\/\/metriskitchens.co.uk\/ro\/privacy-policy\/","title":{"rendered":"Politica de confiden\u021bialitate"},"content":{"rendered":"<h2>1. Introducere<\/h2>\n<p>Bun venit pe site <strong>metrisitchens.co.uk<\/strong>Aceast\u0103 politic\u0103 de confiden\u021bialitate descrie modul \u00een care colect\u0103m, utiliz\u0103m \u0219i protej\u0103m datele dumneavoastr\u0103 cu caracter personal atunci c\u00e2nd utiliza\u021bi site-ul nostru web.<\/p>\n<h2>2. Colectarea informa\u021biilor<\/h2>\n<p>Colect\u0103m urm\u0103toarele tipuri de date:<\/p>\n<ul>\n<li><strong>Date personale:<\/strong> Nume, adres\u0103 de e-mail, num\u0103r de telefon etc.<\/li>\n<li><strong>Date tehnice:<\/strong> Adres\u0103 IP, tip de browser, sistem de operare.<\/li>\n<li><strong>Date de utilizare:<\/strong> Pagini vizitate, timp petrecut pe site, interac\u021biuni.<\/li>\n<\/ul>\n<h2>3. Utilizarea datelor<\/h2>\n<p>Folosim datele dumneavoastr\u0103 pentru:<\/p>\n<ul>\n<li>Pentru a oferi \u0219i \u00eembun\u0103t\u0103\u021bi serviciile noastre.<\/li>\n<li>R\u0103spunde\u021bi la solicit\u0103rile \u0219i \u00eentreb\u0103rile dumneavoastr\u0103.<\/li>\n<li>Personaliza\u021bi-v\u0103 experien\u021ba utilizatorului.<\/li>\n<li>Asigura\u021bi securitatea site-ului nostru.<\/li>\n<\/ul>\n<h2>4. Cookie-uri<\/h2>\n<p>Folosim cookie-uri pentru a \u00eembun\u0103t\u0103\u021bi experien\u021ba dvs. pe site-ul nostru. Pute\u021bi gestiona preferin\u021bele dvs. prin set\u0103rile browserului dvs.<\/p>\n<h2>5. Partajarea informa\u021biilor cu ter\u021be p\u0103r\u021bi<\/h2>\n<p>Este posibil s\u0103 v\u0103 partaj\u0103m datele cu:<\/p>\n<ul>\n<li>Furnizori ter\u021bi de servicii pentru g\u0103zduire \u0219i analiz\u0103.<\/li>\n<li>Autorit\u0103\u021bile legale, dac\u0103 este necesar prin lege.<\/li>\n<\/ul>\n<h2>6. Protec\u021bia datelor<\/h2>\n<p>Implement\u0103m m\u0103suri de securitate adecvate pentru a v\u0103 proteja informa\u021biile, de\u0219i nicio metod\u0103 nu poate garanta securitatea absolut\u0103.<\/p>\n<h2>7. Drepturile utilizatorilor<\/h2>\n<p>Ave\u021bi dreptul s\u0103:<\/p>\n<ul>\n<li>Accesa\u021bi datele dumneavoastr\u0103 personale.<\/li>\n<li>Corecta\u021bi sau \u0219terge\u021bi informa\u021biile dumneavoastr\u0103.<\/li>\n<li>Retrage\u021bi-v\u0103 consim\u021b\u0103m\u00e2ntul.<\/li>\n<\/ul>\n<h2>8. Modific\u0103ri ale Politicii<\/h2>\n<p>Putem modifica aceast\u0103 politic\u0103 \u00een orice moment. Versiunea actualizat\u0103 va fi publicat\u0103 pe aceast\u0103 pagin\u0103.<\/p>\n<h2>9. Contact<\/h2>\n<p>Pentru orice \u00eentreb\u0103ri, contacta\u021bi-ne la <a href=\"mailto:contact@metriskitchens.co.uk\">contact@metriskitchens.co.uk<\/a>.<\/p>","protected":false},"excerpt":{"rendered":"<p>1. Introducere Bine a\u021bi venit pe metriskitchens.co.uk. Aceast\u0103 politic\u0103 de confiden\u021bialitate descrie modul \u00een care colect\u0103m, utiliz\u0103m \u0219i protej\u0103m datele dumneavoastr\u0103 cu caracter personal atunci c\u00e2nd utiliza\u021bi site-ul nostru web. 2. Colectarea informa\u021biilor Colect\u0103m urm\u0103toarele tipuri de date: Date cu caracter personal: Nume, adres\u0103 de e-mail, num\u0103r de telefon etc. Date tehnice: adres\u0103 IP, tip [\u2026]<\/p>","protected":false},"author":1,"featured_media":0,"parent":0,"menu_order":0,"comment_status":"closed","ping_status":"open","template":"","meta":{"_acf_changed":false,"footnotes":""},"class_list":["post-3","page","type-page","status-publish","hentry"],"acf":[],"yoast_head":"<!-- This site is optimized with the Yoast SEO plugin v23.2 - https:\/\/yoast.com\/wordpress\/plugins\/seo\/ -->\n<title>Politique de Confidentialit\u00e9 - metriskitchens.co.uk<\/title>\n<meta name=\"robots\" content=\"index, follow, max-snippet:-1, max-image-preview:large, max-video-preview:-1\" \/>\n<link rel=\"canonical\" href=\"https:\/\/metriskitchens.co.uk\/ro\/privacy-policy\/\" \/>\n<meta property=\"og:locale\" content=\"ro_RO\" \/>\n<meta property=\"og:type\" content=\"article\" \/>\n<meta property=\"og:title\" content=\"Politique de Confidentialit\u00e9 - metriskitchens.co.uk\" \/>\n<meta property=\"og:description\" content=\"1. Introduction Bienvenue sur le site metriskitchens.co.uk. Cette politique de confidentialit\u00e9 d\u00e9crit comment nous collectons, utilisons et prot\u00e9geons vos donn\u00e9es personnelles lorsque vous utilisez notre site web. 2. Collecte des informations Nous collectons les types de donn\u00e9es suivants : Donn\u00e9es personnelles : Nom, adresse e-mail, num\u00e9ro de t\u00e9l\u00e9phone, etc. Donn\u00e9es techniques : Adresse IP, type [&hellip;]\" \/>\n<meta property=\"og:url\" content=\"https:\/\/metriskitchens.co.uk\/ro\/privacy-policy\/\" \/>\n<meta property=\"og:site_name\" content=\"metriskitchens.co.uk\" \/>\n<meta property=\"article:modified_time\" content=\"2025-02-07T10:32:45+00:00\" \/>\n<meta name=\"twitter:card\" content=\"summary_large_image\" \/>\n<meta name=\"twitter:label1\" content=\"Timp estimat pentru citire\" \/>\n\t<meta name=\"twitter:data1\" content=\"2 minute\" \/>\n<script type=\"application\/ld+json\" class=\"yoast-schema-graph\">{\"@context\":\"https:\/\/schema.org\",\"@graph\":[{\"@type\":\"WebPage\",\"@id\":\"https:\/\/metriskitchens.co.uk\/privacy-policy\/\",\"url\":\"https:\/\/metriskitchens.co.uk\/privacy-policy\/\",\"name\":\"Politique de Confidentialit\u00e9 - metriskitchens.co.uk\",\"isPartOf\":{\"@id\":\"https:\/\/metriskitchens.co.uk\/#website\"},\"datePublished\":\"2021-12-21T10:05:49+00:00\",\"dateModified\":\"2025-02-07T10:32:45+00:00\",\"breadcrumb\":{\"@id\":\"https:\/\/metriskitchens.co.uk\/privacy-policy\/#breadcrumb\"},\"inLanguage\":\"ro-RO\",\"potentialAction\":[{\"@type\":\"ReadAction\",\"target\":[\"https:\/\/metriskitchens.co.uk\/privacy-policy\/\"]}]},{\"@type\":\"BreadcrumbList\",\"@id\":\"https:\/\/metriskitchens.co.uk\/privacy-policy\/#breadcrumb\",\"itemListElement\":[{\"@type\":\"ListItem\",\"position\":1,\"name\":\"Home\",\"item\":\"https:\/\/metriskitchens.co.uk\/\"},{\"@type\":\"ListItem\",\"position\":2,\"name\":\"Politique de Confidentialit\u00e9\"}]},{\"@type\":\"WebSite\",\"@id\":\"https:\/\/metriskitchens.co.uk\/#website\",\"url\":\"https:\/\/metriskitchens.co.uk\/\",\"name\":\"metriskitchens.co.uk\",\"description\":\"Mode: Apprenez \u00e0 mixer les pi\u00e8ces pour un style impeccable\",\"potentialAction\":[{\"@type\":\"SearchAction\",\"target\":{\"@type\":\"EntryPoint\",\"urlTemplate\":\"https:\/\/metriskitchens.co.uk\/?s={search_term_string}\"},\"query-input\":\"required name=search_term_string\"}],\"inLanguage\":\"ro-RO\"}]}<\/script>\n<!-- \/ Yoast SEO plugin. -->","yoast_head_json":{"title":"Politique de Confidentialit\u00e9 - metriskitchens.co.uk","robots":{"index":"index","follow":"follow","max-snippet":"max-snippet:-1","max-image-preview":"max-image-preview:large","max-video-preview":"max-video-preview:-1"},"canonical":"https:\/\/metriskitchens.co.uk\/ro\/privacy-policy\/","og_locale":"ro_RO","og_type":"article","og_title":"Politique de Confidentialit\u00e9 - metriskitchens.co.uk","og_description":"1. Introduction Bienvenue sur le site metriskitchens.co.uk. Cette politique de confidentialit\u00e9 d\u00e9crit comment nous collectons, utilisons et prot\u00e9geons vos donn\u00e9es personnelles lorsque vous utilisez notre site web. 2. Collecte des informations Nous collectons les types de donn\u00e9es suivants : Donn\u00e9es personnelles : Nom, adresse e-mail, num\u00e9ro de t\u00e9l\u00e9phone, etc. Donn\u00e9es techniques : Adresse IP, type [&hellip;]","og_url":"https:\/\/metriskitchens.co.uk\/ro\/privacy-policy\/","og_site_name":"metriskitchens.co.uk","article_modified_time":"2025-02-07T10:32:45+00:00","twitter_card":"summary_large_image","twitter_misc":{"Timp estimat pentru citire":"2 minute"},"schema":{"@context":"https:\/\/schema.org","@graph":[{"@type":"WebPage","@id":"https:\/\/metriskitchens.co.uk\/privacy-policy\/","url":"https:\/\/metriskitchens.co.uk\/privacy-policy\/","name":"Politique de Confidentialit\u00e9 - metriskitchens.co.uk","isPartOf":{"@id":"https:\/\/metriskitchens.co.uk\/#website"},"datePublished":"2021-12-21T10:05:49+00:00","dateModified":"2025-02-07T10:32:45+00:00","breadcrumb":{"@id":"https:\/\/metriskitchens.co.uk\/privacy-policy\/#breadcrumb"},"inLanguage":"ro-RO","potentialAction":[{"@type":"ReadAction","target":["https:\/\/metriskitchens.co.uk\/privacy-policy\/"]}]},{"@type":"BreadcrumbList","@id":"https:\/\/metriskitchens.co.uk\/privacy-policy\/#breadcrumb","itemListElement":[{"@type":"ListItem","position":1,"name":"Home","item":"https:\/\/metriskitchens.co.uk\/"},{"@type":"ListItem","position":2,"name":"Politique de Confidentialit\u00e9"}]},{"@type":"WebSite","@id":"https:\/\/metriskitchens.co.uk\/#website","url":"https:\/\/metriskitchens.co.uk\/","name":"metriskitchens.co.uk","description":"Mode: Apprenez \u00e0 mixer les pi\u00e8ces pour un style impeccable","potentialAction":[{"@type":"SearchAction","target":{"@type":"EntryPoint","urlTemplate":"https:\/\/metriskitchens.co.uk\/?s={search_term_string}"},"query-input":"required name=search_term_string"}],"inLanguage":"ro-RO"}]}},"yoast_meta":{"yoast_wpseo_title":"","yoast_wpseo_metadesc":"","yoast_wpseo_canonical":"https:\/\/metriskitchens.co.uk\/ro\/wp-json\/wp\/v2\/pages\/3"},"_links":{"self":[{"href":"https:\/\/metriskitchens.co.uk\/ro\/wp-json\/wp\/v2\/pages\/3","targetHints":{"allow":["GET"]}}],"collection":[{"href":"https:\/\/metriskitchens.co.uk\/ro\/wp-json\/wp\/v2\/pages"}],"about":[{"href":"https:\/\/metriskitchens.co.uk\/ro\/wp-json\/wp\/v2\/types\/page"}],"author":[{"embeddable":true,"href":"https:\/\/metriskitchens.co.uk\/ro\/wp-json\/wp\/v2\/users\/1"}],"replies":[{"embeddable":true,"href":"https:\/\/metriskitchens.co.uk\/ro\/wp-json\/wp\/v2\/comments?post=3"}],"version-history":[{"count":1,"href":"https:\/\/metriskitchens.co.uk\/ro\/wp-json\/wp\/v2\/pages\/3\/revisions"}],"predecessor-version":[{"id":45,"href":"https:\/\/metriskitchens.co.uk\/ro\/wp-json\/wp\/v2\/pages\/3\/revisions\/45"}],"wp:attachment":[{"href":"https:\/\/metriskitchens.co.uk\/ro\/wp-json\/wp\/v2\/media?parent=3"}],"curies":[{"name":"wp","href":"https:\/\/api.w.org\/{rel}","templated":true}]}}