{"id":37,"date":"2025-02-07T09:24:04","date_gmt":"2025-02-07T09:24:04","guid":{"rendered":"https:\/\/metriskitchens.co.uk\/a-propos-de-nous\/"},"modified":"2025-02-07T10:31:02","modified_gmt":"2025-02-07T10:31:02","slug":"a-propos-de-nous","status":"publish","type":"page","link":"https:\/\/metriskitchens.co.uk\/ro\/a-propos-de-nous\/","title":{"rendered":"Despre noi"},"content":{"rendered":"<h2>Universul nostru de mod\u0103<\/h2>\n<p>MetrisKitchens este sursa ta de referin\u021b\u0103 pentru tot ce \u021bine de mod\u0103 \u0219i \u00eembr\u0103c\u0103minte. Explor\u0103m cele mai recente tendin\u021be, analiz\u0103m stiluri \u0219i \u00eemp\u0103rt\u0103\u0219im sfaturi care s\u0103 te ajute s\u0103-\u021bi exprimi personalitatea prin garderoba ta.<\/p>\n<p><img loading=\"lazy\" decoding=\"async\" class=\"aligncenter wp-image-36 size-full\" src=\"https:\/\/metriskitchens.co.uk\/wp-content\/uploads\/2025\/02\/kachayushhayasya-dzhinsovaya-odezhda.jpg\" alt=\"\" width=\"612\" height=\"408\" srcset=\"https:\/\/metriskitchens.co.uk\/wp-content\/uploads\/2025\/02\/kachayushhayasya-dzhinsovaya-odezhda.jpg 612w, https:\/\/metriskitchens.co.uk\/wp-content\/uploads\/2025\/02\/kachayushhayasya-dzhinsovaya-odezhda-300x200.jpg 300w\" sizes=\"auto, (max-width: 612px) 100vw, 612px\" \/><\/p>\n<h2>Ce ve\u021bi g\u0103si aici<\/h2>\n<p>Blogul nostru ofer\u0103 articole detaliate \u0219i inspira\u021bionale pentru to\u021bi pasiona\u021bii de mod\u0103.<\/p>\n<ul>\n<li>Analiza tendin\u021belor actuale \u0219i viitoare<\/li>\n<li>Sfaturi de stil pentru toate ocaziile<\/li>\n<li>Ghiduri de cump\u0103rare pentru dressingul perfect<\/li>\n<li>Interviuri exclusive cu creatori \u0219i influenceri<\/li>\n<\/ul>\n<h2>Al\u0103tur\u0103-te comunit\u0103\u021bii noastre<\/h2>\n<p>Credem c\u0103 moda este un mediu puternic de exprimare. Urm\u0103ri\u021bi-ne pentru a nu rata niciodat\u0103 nimic \u0219i \u00eemp\u0103rt\u0103\u0219i\u021bi-v\u0103 pasiunea cu noi!<\/p>","protected":false},"excerpt":{"rendered":"<p>Universul nostru de mod\u0103 MetrisKitchens este sursa ta de referin\u021b\u0103 pentru tot ce \u021bine de mod\u0103 \u0219i \u00eembr\u0103c\u0103minte. Explor\u0103m cele mai recente tendin\u021be, analiz\u0103m stiluri \u0219i \u00eemp\u0103rt\u0103\u0219im sfaturi care s\u0103 te ajute s\u0103-\u021bi exprimi personalitatea prin garderoba ta. Ce vei g\u0103si aici: Blogul nostru ofer\u0103 articole detaliate \u0219i inspira\u021bionale [\u2026]<\/p>","protected":false},"author":1,"featured_media":0,"parent":0,"menu_order":0,"comment_status":"closed","ping_status":"closed","template":"","meta":{"_acf_changed":false,"footnotes":""},"class_list":["post-37","page","type-page","status-publish","hentry"],"acf":[],"yoast_head":"<!-- This site is optimized with the Yoast SEO plugin v23.2 - https:\/\/yoast.com\/wordpress\/plugins\/seo\/ -->\n<title>\u00c0 propos de nous - metriskitchens.co.uk<\/title>\n<meta name=\"description\" content=\"D\u00e9couvrez MetrisKitchens, un blog d\u00e9di\u00e9 \u00e0 la mode et aux tendances. Articles exclusifs sur v\u00eatements, style et conseils fashion.\" \/>\n<meta name=\"robots\" content=\"index, follow, max-snippet:-1, max-image-preview:large, max-video-preview:-1\" \/>\n<link rel=\"canonical\" href=\"https:\/\/metriskitchens.co.uk\/ro\/a-propos-de-nous\/\" \/>\n<meta property=\"og:locale\" content=\"ro_RO\" \/>\n<meta property=\"og:type\" content=\"article\" \/>\n<meta property=\"og:title\" content=\"\u00c0 propos de nous - metriskitchens.co.uk\" \/>\n<meta property=\"og:description\" content=\"D\u00e9couvrez MetrisKitchens, un blog d\u00e9di\u00e9 \u00e0 la mode et aux tendances. Articles exclusifs sur v\u00eatements, style et conseils fashion.\" \/>\n<meta property=\"og:url\" content=\"https:\/\/metriskitchens.co.uk\/ro\/a-propos-de-nous\/\" \/>\n<meta property=\"og:site_name\" content=\"metriskitchens.co.uk\" \/>\n<meta property=\"article:modified_time\" content=\"2025-02-07T10:31:02+00:00\" \/>\n<meta property=\"og:image\" content=\"https:\/\/metriskitchens.co.uk\/wp-content\/uploads\/2025\/02\/kachayushhayasya-dzhinsovaya-odezhda.jpg\" \/>\n<meta name=\"twitter:card\" content=\"summary_large_image\" \/>\n<meta name=\"twitter:label1\" content=\"Timp estimat pentru citire\" \/>\n\t<meta name=\"twitter:data1\" content=\"1 minut\" \/>\n<script type=\"application\/ld+json\" class=\"yoast-schema-graph\">{\"@context\":\"https:\/\/schema.org\",\"@graph\":[{\"@type\":\"WebPage\",\"@id\":\"https:\/\/metriskitchens.co.uk\/a-propos-de-nous\/\",\"url\":\"https:\/\/metriskitchens.co.uk\/a-propos-de-nous\/\",\"name\":\"\u00c0 propos de nous - metriskitchens.co.uk\",\"isPartOf\":{\"@id\":\"https:\/\/metriskitchens.co.uk\/#website\"},\"primaryImageOfPage\":{\"@id\":\"https:\/\/metriskitchens.co.uk\/a-propos-de-nous\/#primaryimage\"},\"image\":{\"@id\":\"https:\/\/metriskitchens.co.uk\/a-propos-de-nous\/#primaryimage\"},\"thumbnailUrl\":\"https:\/\/metriskitchens.co.uk\/wp-content\/uploads\/2025\/02\/kachayushhayasya-dzhinsovaya-odezhda.jpg\",\"datePublished\":\"2025-02-07T09:24:04+00:00\",\"dateModified\":\"2025-02-07T10:31:02+00:00\",\"description\":\"D\u00e9couvrez MetrisKitchens, un blog d\u00e9di\u00e9 \u00e0 la mode et aux tendances. Articles exclusifs sur v\u00eatements, style et conseils fashion.\",\"breadcrumb\":{\"@id\":\"https:\/\/metriskitchens.co.uk\/a-propos-de-nous\/#breadcrumb\"},\"inLanguage\":\"ro-RO\",\"potentialAction\":[{\"@type\":\"ReadAction\",\"target\":[\"https:\/\/metriskitchens.co.uk\/a-propos-de-nous\/\"]}]},{\"@type\":\"ImageObject\",\"inLanguage\":\"ro-RO\",\"@id\":\"https:\/\/metriskitchens.co.uk\/a-propos-de-nous\/#primaryimage\",\"url\":\"https:\/\/metriskitchens.co.uk\/wp-content\/uploads\/2025\/02\/kachayushhayasya-dzhinsovaya-odezhda.jpg\",\"contentUrl\":\"https:\/\/metriskitchens.co.uk\/wp-content\/uploads\/2025\/02\/kachayushhayasya-dzhinsovaya-odezhda.jpg\"},{\"@type\":\"BreadcrumbList\",\"@id\":\"https:\/\/metriskitchens.co.uk\/a-propos-de-nous\/#breadcrumb\",\"itemListElement\":[{\"@type\":\"ListItem\",\"position\":1,\"name\":\"Home\",\"item\":\"https:\/\/metriskitchens.co.uk\/\"},{\"@type\":\"ListItem\",\"position\":2,\"name\":\"\u00c0 propos de nous\"}]},{\"@type\":\"WebSite\",\"@id\":\"https:\/\/metriskitchens.co.uk\/#website\",\"url\":\"https:\/\/metriskitchens.co.uk\/\",\"name\":\"metriskitchens.co.uk\",\"description\":\"Mode: Apprenez \u00e0 mixer les pi\u00e8ces pour un style impeccable\",\"potentialAction\":[{\"@type\":\"SearchAction\",\"target\":{\"@type\":\"EntryPoint\",\"urlTemplate\":\"https:\/\/metriskitchens.co.uk\/?s={search_term_string}\"},\"query-input\":\"required name=search_term_string\"}],\"inLanguage\":\"ro-RO\"}]}<\/script>\n<!-- \/ Yoast SEO plugin. -->","yoast_head_json":{"title":"\u00c0 propos de nous - metriskitchens.co.uk","description":"D\u00e9couvrez MetrisKitchens, un blog d\u00e9di\u00e9 \u00e0 la mode et aux tendances. Articles exclusifs sur v\u00eatements, style et conseils fashion.","robots":{"index":"index","follow":"follow","max-snippet":"max-snippet:-1","max-image-preview":"max-image-preview:large","max-video-preview":"max-video-preview:-1"},"canonical":"https:\/\/metriskitchens.co.uk\/ro\/a-propos-de-nous\/","og_locale":"ro_RO","og_type":"article","og_title":"\u00c0 propos de nous - metriskitchens.co.uk","og_description":"D\u00e9couvrez MetrisKitchens, un blog d\u00e9di\u00e9 \u00e0 la mode et aux tendances. Articles exclusifs sur v\u00eatements, style et conseils fashion.","og_url":"https:\/\/metriskitchens.co.uk\/ro\/a-propos-de-nous\/","og_site_name":"metriskitchens.co.uk","article_modified_time":"2025-02-07T10:31:02+00:00","og_image":[{"url":"https:\/\/metriskitchens.co.uk\/wp-content\/uploads\/2025\/02\/kachayushhayasya-dzhinsovaya-odezhda.jpg"}],"twitter_card":"summary_large_image","twitter_misc":{"Timp estimat pentru citire":"1 minut"},"schema":{"@context":"https:\/\/schema.org","@graph":[{"@type":"WebPage","@id":"https:\/\/metriskitchens.co.uk\/a-propos-de-nous\/","url":"https:\/\/metriskitchens.co.uk\/a-propos-de-nous\/","name":"\u00c0 propos de nous - metriskitchens.co.uk","isPartOf":{"@id":"https:\/\/metriskitchens.co.uk\/#website"},"primaryImageOfPage":{"@id":"https:\/\/metriskitchens.co.uk\/a-propos-de-nous\/#primaryimage"},"image":{"@id":"https:\/\/metriskitchens.co.uk\/a-propos-de-nous\/#primaryimage"},"thumbnailUrl":"https:\/\/metriskitchens.co.uk\/wp-content\/uploads\/2025\/02\/kachayushhayasya-dzhinsovaya-odezhda.jpg","datePublished":"2025-02-07T09:24:04+00:00","dateModified":"2025-02-07T10:31:02+00:00","description":"D\u00e9couvrez MetrisKitchens, un blog d\u00e9di\u00e9 \u00e0 la mode et aux tendances. Articles exclusifs sur v\u00eatements, style et conseils fashion.","breadcrumb":{"@id":"https:\/\/metriskitchens.co.uk\/a-propos-de-nous\/#breadcrumb"},"inLanguage":"ro-RO","potentialAction":[{"@type":"ReadAction","target":["https:\/\/metriskitchens.co.uk\/a-propos-de-nous\/"]}]},{"@type":"ImageObject","inLanguage":"ro-RO","@id":"https:\/\/metriskitchens.co.uk\/a-propos-de-nous\/#primaryimage","url":"https:\/\/metriskitchens.co.uk\/wp-content\/uploads\/2025\/02\/kachayushhayasya-dzhinsovaya-odezhda.jpg","contentUrl":"https:\/\/metriskitchens.co.uk\/wp-content\/uploads\/2025\/02\/kachayushhayasya-dzhinsovaya-odezhda.jpg"},{"@type":"BreadcrumbList","@id":"https:\/\/metriskitchens.co.uk\/a-propos-de-nous\/#breadcrumb","itemListElement":[{"@type":"ListItem","position":1,"name":"Home","item":"https:\/\/metriskitchens.co.uk\/"},{"@type":"ListItem","position":2,"name":"\u00c0 propos de nous"}]},{"@type":"WebSite","@id":"https:\/\/metriskitchens.co.uk\/#website","url":"https:\/\/metriskitchens.co.uk\/","name":"metriskitchens.co.uk","description":"Mode: Apprenez \u00e0 mixer les pi\u00e8ces pour un style impeccable","potentialAction":[{"@type":"SearchAction","target":{"@type":"EntryPoint","urlTemplate":"https:\/\/metriskitchens.co.uk\/?s={search_term_string}"},"query-input":"required name=search_term_string"}],"inLanguage":"ro-RO"}]}},"yoast_meta":{"yoast_wpseo_title":"","yoast_wpseo_metadesc":"","yoast_wpseo_canonical":"https:\/\/metriskitchens.co.uk\/ro\/wp-json\/wp\/v2\/pages\/37"},"_links":{"self":[{"href":"https:\/\/metriskitchens.co.uk\/ro\/wp-json\/wp\/v2\/pages\/37","targetHints":{"allow":["GET"]}}],"collection":[{"href":"https:\/\/metriskitchens.co.uk\/ro\/wp-json\/wp\/v2\/pages"}],"about":[{"href":"https:\/\/metriskitchens.co.uk\/ro\/wp-json\/wp\/v2\/types\/page"}],"author":[{"embeddable":true,"href":"https:\/\/metriskitchens.co.uk\/ro\/wp-json\/wp\/v2\/users\/1"}],"replies":[{"embeddable":true,"href":"https:\/\/metriskitchens.co.uk\/ro\/wp-json\/wp\/v2\/comments?post=37"}],"version-history":[{"count":1,"href":"https:\/\/metriskitchens.co.uk\/ro\/wp-json\/wp\/v2\/pages\/37\/revisions"}],"predecessor-version":[{"id":43,"href":"https:\/\/metriskitchens.co.uk\/ro\/wp-json\/wp\/v2\/pages\/37\/revisions\/43"}],"wp:attachment":[{"href":"https:\/\/metriskitchens.co.uk\/ro\/wp-json\/wp\/v2\/media?parent=37"}],"curies":[{"name":"wp","href":"https:\/\/api.w.org\/{rel}","templated":true}]}}