{"id":38,"date":"2025-02-07T09:24:34","date_gmt":"2025-02-07T09:24:34","guid":{"rendered":"https:\/\/metriskitchens.co.uk\/coordonnees\/"},"modified":"2025-02-07T09:24:34","modified_gmt":"2025-02-07T09:24:34","slug":"coordonnees","status":"publish","type":"page","link":"https:\/\/metriskitchens.co.uk\/ro\/coordonnees\/","title":{"rendered":"Date de contact"},"content":{"rendered":"<p>A\u0219tept\u0103m cu ner\u0103bdare \u00eentreb\u0103rile \u0219i sugestiile dumneavoastr\u0103 cu privire la articolele \u0219i produsele noastre. V\u0103 rug\u0103m s\u0103 ne contacta\u021bi:<\/p>\n<address>\n        <strong>MetrisKitchens.co.uk<\/strong><br \/>\n        Strada Warwick nr. 30<br \/>\n        Londra W1B 5NH, Regatul Unit<br \/>\n        Telefon: +44 20 7493 4933<br \/>\n        E-mail: <a href=\"mailto:contact@metriskitchens.co.uk\">contact@metriskitchens.co.uk<\/a><br \/>\n    <\/address>\n<h2>Formular de contact<\/h2>\n<form action=\"\/ro\/envoyer-message\/\" method=\"post\" data-trp-original-action=\"\/envoyer-message\">\n        <label for=\"nom\">Nume:<\/label><br \/>\n        <input type=\"text\" id=\"nom\" name=\"nom\" required><\/p>\n<p>        <label for=\"email\">E-mail:<\/label><br \/>\n        <input type=\"email\" id=\"email\" name=\"email\" required><\/p>\n<p>        <label for=\"message\">Mesaj:<\/label><br \/>\n        <textarea id=\"message\" name=\"message\" rows=\"5\" required><\/textarea><\/p>\n<p>        <button type=\"submit\">Trimite<\/button><br \/>\n    <input type=\"hidden\" name=\"trp-form-language\" value=\"ro\"\/><\/form>","protected":false},"excerpt":{"rendered":"<p>A\u0219tept\u0103m cu ner\u0103bdare \u00eentreb\u0103rile \u0219i sugestiile dumneavoastr\u0103 cu privire la articolele \u0219i produsele noastre. V\u0103 rug\u0103m s\u0103 ne contacta\u021bi: MetrisKitchens.co.uk 30 Warwick Street Londra W1B 5NH, Regatul Unit Telefon: +44 20 7493 4933 E-mail: contact@metriskitchens.co.uk Formular de contact Nume: E-mail: Mesaj: Trimite<\/p>","protected":false},"author":1,"featured_media":0,"parent":0,"menu_order":0,"comment_status":"closed","ping_status":"closed","template":"","meta":{"_acf_changed":false,"footnotes":""},"class_list":["post-38","page","type-page","status-publish","hentry"],"acf":[],"yoast_head":"<!-- This site is optimized with the Yoast SEO plugin v23.2 - https:\/\/yoast.com\/wordpress\/plugins\/seo\/ -->\n<title>Coordonn\u00e9es - metriskitchens.co.uk<\/title>\n<meta name=\"description\" content=\"Contactez MetrisKitchens.co.uk pour toute question ou suggestion concernant nos articles et produits. Nous sommes \u00e0 votre \u00e9coute.\" \/>\n<meta name=\"robots\" content=\"index, follow, max-snippet:-1, max-image-preview:large, max-video-preview:-1\" \/>\n<link rel=\"canonical\" href=\"https:\/\/metriskitchens.co.uk\/ro\/coordonnees\/\" \/>\n<meta property=\"og:locale\" content=\"ro_RO\" \/>\n<meta property=\"og:type\" content=\"article\" \/>\n<meta property=\"og:title\" content=\"Coordonn\u00e9es - metriskitchens.co.uk\" \/>\n<meta property=\"og:description\" content=\"Contactez MetrisKitchens.co.uk pour toute question ou suggestion concernant nos articles et produits. Nous sommes \u00e0 votre \u00e9coute.\" \/>\n<meta property=\"og:url\" content=\"https:\/\/metriskitchens.co.uk\/ro\/coordonnees\/\" \/>\n<meta property=\"og:site_name\" content=\"metriskitchens.co.uk\" \/>\n<meta name=\"twitter:card\" content=\"summary_large_image\" \/>\n<script type=\"application\/ld+json\" class=\"yoast-schema-graph\">{\"@context\":\"https:\/\/schema.org\",\"@graph\":[{\"@type\":\"WebPage\",\"@id\":\"https:\/\/metriskitchens.co.uk\/coordonnees\/\",\"url\":\"https:\/\/metriskitchens.co.uk\/coordonnees\/\",\"name\":\"Coordonn\u00e9es - metriskitchens.co.uk\",\"isPartOf\":{\"@id\":\"https:\/\/metriskitchens.co.uk\/#website\"},\"datePublished\":\"2025-02-07T09:24:34+00:00\",\"dateModified\":\"2025-02-07T09:24:34+00:00\",\"description\":\"Contactez MetrisKitchens.co.uk pour toute question ou suggestion concernant nos articles et produits. Nous sommes \u00e0 votre \u00e9coute.\",\"breadcrumb\":{\"@id\":\"https:\/\/metriskitchens.co.uk\/coordonnees\/#breadcrumb\"},\"inLanguage\":\"ro-RO\",\"potentialAction\":[{\"@type\":\"ReadAction\",\"target\":[\"https:\/\/metriskitchens.co.uk\/coordonnees\/\"]}]},{\"@type\":\"BreadcrumbList\",\"@id\":\"https:\/\/metriskitchens.co.uk\/coordonnees\/#breadcrumb\",\"itemListElement\":[{\"@type\":\"ListItem\",\"position\":1,\"name\":\"Home\",\"item\":\"https:\/\/metriskitchens.co.uk\/\"},{\"@type\":\"ListItem\",\"position\":2,\"name\":\"Coordonn\u00e9es\"}]},{\"@type\":\"WebSite\",\"@id\":\"https:\/\/metriskitchens.co.uk\/#website\",\"url\":\"https:\/\/metriskitchens.co.uk\/\",\"name\":\"metriskitchens.co.uk\",\"description\":\"Mode: Apprenez \u00e0 mixer les pi\u00e8ces pour un style impeccable\",\"potentialAction\":[{\"@type\":\"SearchAction\",\"target\":{\"@type\":\"EntryPoint\",\"urlTemplate\":\"https:\/\/metriskitchens.co.uk\/?s={search_term_string}\"},\"query-input\":\"required name=search_term_string\"}],\"inLanguage\":\"ro-RO\"}]}<\/script>\n<!-- \/ Yoast SEO plugin. -->","yoast_head_json":{"title":"Coordonn\u00e9es - metriskitchens.co.uk","description":"Contactez MetrisKitchens.co.uk pour toute question ou suggestion concernant nos articles et produits. Nous sommes \u00e0 votre \u00e9coute.","robots":{"index":"index","follow":"follow","max-snippet":"max-snippet:-1","max-image-preview":"max-image-preview:large","max-video-preview":"max-video-preview:-1"},"canonical":"https:\/\/metriskitchens.co.uk\/ro\/coordonnees\/","og_locale":"ro_RO","og_type":"article","og_title":"Coordonn\u00e9es - metriskitchens.co.uk","og_description":"Contactez MetrisKitchens.co.uk pour toute question ou suggestion concernant nos articles et produits. Nous sommes \u00e0 votre \u00e9coute.","og_url":"https:\/\/metriskitchens.co.uk\/ro\/coordonnees\/","og_site_name":"metriskitchens.co.uk","twitter_card":"summary_large_image","schema":{"@context":"https:\/\/schema.org","@graph":[{"@type":"WebPage","@id":"https:\/\/metriskitchens.co.uk\/coordonnees\/","url":"https:\/\/metriskitchens.co.uk\/coordonnees\/","name":"Coordonn\u00e9es - metriskitchens.co.uk","isPartOf":{"@id":"https:\/\/metriskitchens.co.uk\/#website"},"datePublished":"2025-02-07T09:24:34+00:00","dateModified":"2025-02-07T09:24:34+00:00","description":"Contactez MetrisKitchens.co.uk pour toute question ou suggestion concernant nos articles et produits. Nous sommes \u00e0 votre \u00e9coute.","breadcrumb":{"@id":"https:\/\/metriskitchens.co.uk\/coordonnees\/#breadcrumb"},"inLanguage":"ro-RO","potentialAction":[{"@type":"ReadAction","target":["https:\/\/metriskitchens.co.uk\/coordonnees\/"]}]},{"@type":"BreadcrumbList","@id":"https:\/\/metriskitchens.co.uk\/coordonnees\/#breadcrumb","itemListElement":[{"@type":"ListItem","position":1,"name":"Home","item":"https:\/\/metriskitchens.co.uk\/"},{"@type":"ListItem","position":2,"name":"Coordonn\u00e9es"}]},{"@type":"WebSite","@id":"https:\/\/metriskitchens.co.uk\/#website","url":"https:\/\/metriskitchens.co.uk\/","name":"metriskitchens.co.uk","description":"Mode: Apprenez \u00e0 mixer les pi\u00e8ces pour un style impeccable","potentialAction":[{"@type":"SearchAction","target":{"@type":"EntryPoint","urlTemplate":"https:\/\/metriskitchens.co.uk\/?s={search_term_string}"},"query-input":"required name=search_term_string"}],"inLanguage":"ro-RO"}]}},"yoast_meta":{"yoast_wpseo_title":"","yoast_wpseo_metadesc":"","yoast_wpseo_canonical":"https:\/\/metriskitchens.co.uk\/ro\/wp-json\/wp\/v2\/pages\/38"},"_links":{"self":[{"href":"https:\/\/metriskitchens.co.uk\/ro\/wp-json\/wp\/v2\/pages\/38","targetHints":{"allow":["GET"]}}],"collection":[{"href":"https:\/\/metriskitchens.co.uk\/ro\/wp-json\/wp\/v2\/pages"}],"about":[{"href":"https:\/\/metriskitchens.co.uk\/ro\/wp-json\/wp\/v2\/types\/page"}],"author":[{"embeddable":true,"href":"https:\/\/metriskitchens.co.uk\/ro\/wp-json\/wp\/v2\/users\/1"}],"replies":[{"embeddable":true,"href":"https:\/\/metriskitchens.co.uk\/ro\/wp-json\/wp\/v2\/comments?post=38"}],"version-history":[{"count":0,"href":"https:\/\/metriskitchens.co.uk\/ro\/wp-json\/wp\/v2\/pages\/38\/revisions"}],"wp:attachment":[{"href":"https:\/\/metriskitchens.co.uk\/ro\/wp-json\/wp\/v2\/media?parent=38"}],"curies":[{"name":"wp","href":"https:\/\/api.w.org\/{rel}","templated":true}]}}