{"id":42,"date":"2025-02-07T10:33:05","date_gmt":"2025-02-07T10:33:05","guid":{"rendered":"https:\/\/metriskitchens.co.uk\/?page_id=42"},"modified":"2025-02-07T10:33:06","modified_gmt":"2025-02-07T10:33:06","slug":"nos-experts","status":"publish","type":"page","link":"https:\/\/metriskitchens.co.uk\/ro\/nos-experts\/","title":{"rendered":"Exper\u021bii no\u0219tri"},"content":{"rendered":"","protected":false},"excerpt":{"rendered":"","protected":false},"author":1,"featured_media":0,"parent":0,"menu_order":0,"comment_status":"closed","ping_status":"closed","template":"","meta":{"_acf_changed":false,"footnotes":""},"class_list":["post-42","page","type-page","status-publish","hentry"],"acf":[],"yoast_head":"<!-- This site is optimized with the Yoast SEO plugin v23.2 - https:\/\/yoast.com\/wordpress\/plugins\/seo\/ -->\n<title>Nos experts - metriskitchens.co.uk<\/title>\n<meta name=\"description\" content=\"Notre \u00e9quipe de r\u00e9dacteurs passionn\u00e9s partage avec vous les derni\u00e8res tendances mode, des conseils de style et des inspirations intemporelles.\" \/>\n<meta name=\"robots\" content=\"index, follow, max-snippet:-1, max-image-preview:large, max-video-preview:-1\" \/>\n<link rel=\"canonical\" href=\"https:\/\/metriskitchens.co.uk\/ro\/nos-experts\/\" \/>\n<meta property=\"og:locale\" content=\"ro_RO\" \/>\n<meta property=\"og:type\" content=\"article\" \/>\n<meta property=\"og:title\" content=\"Nos experts - metriskitchens.co.uk\" \/>\n<meta property=\"og:description\" content=\"Notre \u00e9quipe de r\u00e9dacteurs passionn\u00e9s partage avec vous les derni\u00e8res tendances mode, des conseils de style et des inspirations intemporelles.\" \/>\n<meta property=\"og:url\" content=\"https:\/\/metriskitchens.co.uk\/ro\/nos-experts\/\" \/>\n<meta property=\"og:site_name\" content=\"metriskitchens.co.uk\" \/>\n<meta property=\"article:modified_time\" content=\"2025-02-07T10:33:06+00:00\" \/>\n<meta name=\"twitter:card\" content=\"summary_large_image\" \/>\n<meta name=\"twitter:label1\" content=\"Timp estimat pentru citire\" \/>\n\t<meta name=\"twitter:data1\" content=\"1 minut\" \/>\n<script type=\"application\/ld+json\" class=\"yoast-schema-graph\">{\"@context\":\"https:\/\/schema.org\",\"@graph\":[{\"@type\":\"WebPage\",\"@id\":\"https:\/\/metriskitchens.co.uk\/nos-experts\/\",\"url\":\"https:\/\/metriskitchens.co.uk\/nos-experts\/\",\"name\":\"Nos experts - metriskitchens.co.uk\",\"isPartOf\":{\"@id\":\"https:\/\/metriskitchens.co.uk\/#website\"},\"datePublished\":\"2025-02-07T10:33:05+00:00\",\"dateModified\":\"2025-02-07T10:33:06+00:00\",\"description\":\"Notre \u00e9quipe de r\u00e9dacteurs passionn\u00e9s partage avec vous les derni\u00e8res tendances mode, des conseils de style et des inspirations intemporelles.\",\"breadcrumb\":{\"@id\":\"https:\/\/metriskitchens.co.uk\/nos-experts\/#breadcrumb\"},\"inLanguage\":\"ro-RO\",\"potentialAction\":[{\"@type\":\"ReadAction\",\"target\":[\"https:\/\/metriskitchens.co.uk\/nos-experts\/\"]}]},{\"@type\":\"BreadcrumbList\",\"@id\":\"https:\/\/metriskitchens.co.uk\/nos-experts\/#breadcrumb\",\"itemListElement\":[{\"@type\":\"ListItem\",\"position\":1,\"name\":\"Home\",\"item\":\"https:\/\/metriskitchens.co.uk\/\"},{\"@type\":\"ListItem\",\"position\":2,\"name\":\"Nos experts\"}]},{\"@type\":\"WebSite\",\"@id\":\"https:\/\/metriskitchens.co.uk\/#website\",\"url\":\"https:\/\/metriskitchens.co.uk\/\",\"name\":\"metriskitchens.co.uk\",\"description\":\"Mode: Apprenez \u00e0 mixer les pi\u00e8ces pour un style impeccable\",\"potentialAction\":[{\"@type\":\"SearchAction\",\"target\":{\"@type\":\"EntryPoint\",\"urlTemplate\":\"https:\/\/metriskitchens.co.uk\/?s={search_term_string}\"},\"query-input\":\"required name=search_term_string\"}],\"inLanguage\":\"ro-RO\"}]}<\/script>\n<!-- \/ Yoast SEO plugin. -->","yoast_head_json":{"title":"Nos experts - metriskitchens.co.uk","description":"Notre \u00e9quipe de r\u00e9dacteurs passionn\u00e9s partage avec vous les derni\u00e8res tendances mode, des conseils de style et des inspirations intemporelles.","robots":{"index":"index","follow":"follow","max-snippet":"max-snippet:-1","max-image-preview":"max-image-preview:large","max-video-preview":"max-video-preview:-1"},"canonical":"https:\/\/metriskitchens.co.uk\/ro\/nos-experts\/","og_locale":"ro_RO","og_type":"article","og_title":"Nos experts - metriskitchens.co.uk","og_description":"Notre \u00e9quipe de r\u00e9dacteurs passionn\u00e9s partage avec vous les derni\u00e8res tendances mode, des conseils de style et des inspirations intemporelles.","og_url":"https:\/\/metriskitchens.co.uk\/ro\/nos-experts\/","og_site_name":"metriskitchens.co.uk","article_modified_time":"2025-02-07T10:33:06+00:00","twitter_card":"summary_large_image","twitter_misc":{"Timp estimat pentru citire":"1 minut"},"schema":{"@context":"https:\/\/schema.org","@graph":[{"@type":"WebPage","@id":"https:\/\/metriskitchens.co.uk\/nos-experts\/","url":"https:\/\/metriskitchens.co.uk\/nos-experts\/","name":"Nos experts - metriskitchens.co.uk","isPartOf":{"@id":"https:\/\/metriskitchens.co.uk\/#website"},"datePublished":"2025-02-07T10:33:05+00:00","dateModified":"2025-02-07T10:33:06+00:00","description":"Notre \u00e9quipe de r\u00e9dacteurs passionn\u00e9s partage avec vous les derni\u00e8res tendances mode, des conseils de style et des inspirations intemporelles.","breadcrumb":{"@id":"https:\/\/metriskitchens.co.uk\/nos-experts\/#breadcrumb"},"inLanguage":"ro-RO","potentialAction":[{"@type":"ReadAction","target":["https:\/\/metriskitchens.co.uk\/nos-experts\/"]}]},{"@type":"BreadcrumbList","@id":"https:\/\/metriskitchens.co.uk\/nos-experts\/#breadcrumb","itemListElement":[{"@type":"ListItem","position":1,"name":"Home","item":"https:\/\/metriskitchens.co.uk\/"},{"@type":"ListItem","position":2,"name":"Nos experts"}]},{"@type":"WebSite","@id":"https:\/\/metriskitchens.co.uk\/#website","url":"https:\/\/metriskitchens.co.uk\/","name":"metriskitchens.co.uk","description":"Mode: Apprenez \u00e0 mixer les pi\u00e8ces pour un style impeccable","potentialAction":[{"@type":"SearchAction","target":{"@type":"EntryPoint","urlTemplate":"https:\/\/metriskitchens.co.uk\/?s={search_term_string}"},"query-input":"required name=search_term_string"}],"inLanguage":"ro-RO"}]}},"yoast_meta":{"yoast_wpseo_title":"","yoast_wpseo_metadesc":"","yoast_wpseo_canonical":"https:\/\/metriskitchens.co.uk\/ro\/wp-json\/wp\/v2\/pages\/42"},"_links":{"self":[{"href":"https:\/\/metriskitchens.co.uk\/ro\/wp-json\/wp\/v2\/pages\/42","targetHints":{"allow":["GET"]}}],"collection":[{"href":"https:\/\/metriskitchens.co.uk\/ro\/wp-json\/wp\/v2\/pages"}],"about":[{"href":"https:\/\/metriskitchens.co.uk\/ro\/wp-json\/wp\/v2\/types\/page"}],"author":[{"embeddable":true,"href":"https:\/\/metriskitchens.co.uk\/ro\/wp-json\/wp\/v2\/users\/1"}],"replies":[{"embeddable":true,"href":"https:\/\/metriskitchens.co.uk\/ro\/wp-json\/wp\/v2\/comments?post=42"}],"version-history":[{"count":1,"href":"https:\/\/metriskitchens.co.uk\/ro\/wp-json\/wp\/v2\/pages\/42\/revisions"}],"predecessor-version":[{"id":46,"href":"https:\/\/metriskitchens.co.uk\/ro\/wp-json\/wp\/v2\/pages\/42\/revisions\/46"}],"wp:attachment":[{"href":"https:\/\/metriskitchens.co.uk\/ro\/wp-json\/wp\/v2\/media?parent=42"}],"curies":[{"name":"wp","href":"https:\/\/api.w.org\/{rel}","templated":true}]}}